{"id":6561,"date":"2017-05-24T15:41:06","date_gmt":"2017-05-24T15:41:06","guid":{"rendered":"https:\/\/ibizaohlala.combibliografia\/"},"modified":"2023-08-14T06:13:45","modified_gmt":"2023-08-14T06:13:45","slug":"bibliografia","status":"publish","type":"page","link":"https:\/\/ibizaohlala.com\/en\/bibliografia\/","title":{"rendered":"Bibliograf\u00eda"},"content":{"rendered":"\t\t<div data-elementor-type=\"wp-page\" data-elementor-id=\"6561\" class=\"elementor elementor-6561 elementor-6094\" data-elementor-post-type=\"page\">\n\t\t\t\t<div class=\"elementor-element elementor-element-3bb6e9d animated-fast e-flex e-con-boxed elementor-invisible e-con e-parent\" data-id=\"3bb6e9d\" data-element_type=\"container\" data-e-type=\"container\" data-settings=\"{&quot;background_background&quot;:&quot;classic&quot;,&quot;background_motion_fx_motion_fx_scrolling&quot;:&quot;yes&quot;,&quot;background_motion_fx_translateY_speed&quot;:{&quot;unit&quot;:&quot;px&quot;,&quot;size&quot;:2,&quot;sizes&quot;:[]},&quot;animation&quot;:&quot;fadeIn&quot;,&quot;background_motion_fx_translateY_effect&quot;:&quot;yes&quot;,&quot;background_motion_fx_translateY_affectedRange&quot;:{&quot;unit&quot;:&quot;%&quot;,&quot;size&quot;:&quot;&quot;,&quot;sizes&quot;:{&quot;start&quot;:0,&quot;end&quot;:100}},&quot;background_motion_fx_devices&quot;:[&quot;desktop&quot;,&quot;tablet&quot;,&quot;mobile&quot;]}\">\n\t\t\t\t\t<div class=\"e-con-inner\">\n\t\t\t\t\t<\/div>\n\t\t\t\t<\/div>\n\t\t<div class=\"elementor-element elementor-element-13684e5 e-flex e-con-boxed e-con e-parent\" data-id=\"13684e5\" data-element_type=\"container\" data-e-type=\"container\">\n\t\t\t\t\t<div class=\"e-con-inner\">\n\t\t\t\t<div class=\"elementor-element elementor-element-bb7e02b elementor-invisible elementor-widget elementor-widget-heading\" data-id=\"bb7e02b\" data-element_type=\"widget\" data-e-type=\"widget\" data-settings=\"{&quot;_animation&quot;:&quot;zoomIn&quot;}\" data-widget_type=\"heading.default\">\n\t\t\t\t<div class=\"elementor-widget-container\">\n\t\t\t\t\t<h2 class=\"elementor-heading-title elementor-size-default\">Bibliograf\u00eda<\/h2>\t\t\t\t<\/div>\n\t\t\t\t<\/div>\n\t\t\t\t<div class=\"elementor-element elementor-element-a9fdec0 elementor-widget__width-inherit elementor-widget-tablet__width-inherit elementor-invisible elementor-widget elementor-widget-text-editor\" data-id=\"a9fdec0\" data-element_type=\"widget\" data-e-type=\"widget\" data-settings=\"{&quot;_animation&quot;:&quot;fadeIn&quot;,&quot;_animation_delay&quot;:200}\" data-widget_type=\"text-editor.default\">\n\t\t\t\t<div class=\"elementor-widget-container\">\n\t\t\t\t\t\t\t\t\t<p>La calidad fotogr\u00e1fica es lo primero<\/p>\t\t\t\t\t\t\t\t<\/div>\n\t\t\t\t<\/div>\n\t\t\t\t\t<\/div>\n\t\t\t\t<\/div>\n\t\t\t\t<\/div>\n\t\t","protected":false},"excerpt":{"rendered":"<p>Bibliograf\u00eda La calidad fotogr\u00e1fica es lo primero<\/p>\n","protected":false},"author":1,"featured_media":0,"parent":0,"menu_order":30,"comment_status":"closed","ping_status":"closed","template":"","meta":{"footnotes":""},"class_list":["post-6561","page","type-page","status-publish","hentry"],"yoast_head":"<!-- This site is optimized with the Yoast SEO plugin v27.5 - https:\/\/yoast.com\/product\/yoast-seo-wordpress\/ -->\n<title>Bibliograf\u00eda - IbizaOhLaLa<\/title>\n<meta name=\"robots\" content=\"index, follow, max-snippet:-1, max-image-preview:large, max-video-preview:-1\" \/>\n<link rel=\"canonical\" href=\"https:\/\/ibizaohlala.com\/de\/bibliografia\/\" \/>\n<meta property=\"og:locale\" content=\"en_US\" \/>\n<meta property=\"og:type\" content=\"article\" \/>\n<meta property=\"og:title\" content=\"Bibliograf\u00eda - IbizaOhLaLa\" \/>\n<meta property=\"og:description\" content=\"Bibliograf\u00eda La calidad fotogr\u00e1fica es lo primero\" \/>\n<meta property=\"og:url\" content=\"https:\/\/ibizaohlala.com\/de\/bibliografia\/\" \/>\n<meta property=\"og:site_name\" content=\"IbizaOhLaLa\" \/>\n<meta property=\"article:modified_time\" content=\"2023-08-14T06:13:45+00:00\" \/>\n<meta name=\"twitter:card\" content=\"summary_large_image\" \/>\n<meta name=\"twitter:label1\" content=\"Est. reading time\" \/>\n\t<meta name=\"twitter:data1\" content=\"1 minute\" \/>\n<script type=\"application\/ld+json\" class=\"yoast-schema-graph\">{\"@context\":\"https:\\\/\\\/schema.org\",\"@graph\":[{\"@type\":\"WebPage\",\"@id\":\"https:\\\/\\\/ibizaohlala.com\\\/de\\\/bibliografia\\\/\",\"url\":\"https:\\\/\\\/ibizaohlala.com\\\/de\\\/bibliografia\\\/\",\"name\":\"Bibliograf\u00eda - IbizaOhLaLa\",\"isPartOf\":{\"@id\":\"https:\\\/\\\/ibizaohlala.com\\\/#website\"},\"datePublished\":\"2017-05-24T15:41:06+00:00\",\"dateModified\":\"2023-08-14T06:13:45+00:00\",\"inLanguage\":\"en-US\",\"potentialAction\":[{\"@type\":\"ReadAction\",\"target\":[\"https:\\\/\\\/ibizaohlala.com\\\/de\\\/bibliografia\\\/\"]}]},{\"@type\":\"WebSite\",\"@id\":\"https:\\\/\\\/ibizaohlala.com\\\/#website\",\"url\":\"https:\\\/\\\/ibizaohlala.com\\\/\",\"name\":\"IbizaOhLaLa\",\"description\":\"Your online picture shop\",\"publisher\":{\"@id\":\"https:\\\/\\\/ibizaohlala.com\\\/#organization\"},\"potentialAction\":[{\"@type\":\"SearchAction\",\"target\":{\"@type\":\"EntryPoint\",\"urlTemplate\":\"https:\\\/\\\/ibizaohlala.com\\\/?s={search_term_string}\"},\"query-input\":{\"@type\":\"PropertyValueSpecification\",\"valueRequired\":true,\"valueName\":\"search_term_string\"}}],\"inLanguage\":\"en-US\"},{\"@type\":\"Organization\",\"@id\":\"https:\\\/\\\/ibizaohlala.com\\\/#organization\",\"name\":\"IbizaOhLaLa\",\"url\":\"https:\\\/\\\/ibizaohlala.com\\\/\",\"logo\":{\"@type\":\"ImageObject\",\"inLanguage\":\"en-US\",\"@id\":\"https:\\\/\\\/ibizaohlala.com\\\/#\\\/schema\\\/logo\\\/image\\\/\",\"url\":\"https:\\\/\\\/ibizaohlala.com\\\/wp-content\\\/uploads\\\/2017\\\/02\\\/logo-ibizaohlala.png\",\"contentUrl\":\"https:\\\/\\\/ibizaohlala.com\\\/wp-content\\\/uploads\\\/2017\\\/02\\\/logo-ibizaohlala.png\",\"width\":220,\"height\":79,\"caption\":\"IbizaOhLaLa\"},\"image\":{\"@id\":\"https:\\\/\\\/ibizaohlala.com\\\/#\\\/schema\\\/logo\\\/image\\\/\"}}]}<\/script>\n<!-- \/ Yoast SEO plugin. -->","yoast_head_json":{"title":"Bibliograf\u00eda - IbizaOhLaLa","robots":{"index":"index","follow":"follow","max-snippet":"max-snippet:-1","max-image-preview":"max-image-preview:large","max-video-preview":"max-video-preview:-1"},"canonical":"https:\/\/ibizaohlala.com\/de\/bibliografia\/","og_locale":"en_US","og_type":"article","og_title":"Bibliograf\u00eda - IbizaOhLaLa","og_description":"Bibliograf\u00eda La calidad fotogr\u00e1fica es lo primero","og_url":"https:\/\/ibizaohlala.com\/de\/bibliografia\/","og_site_name":"IbizaOhLaLa","article_modified_time":"2023-08-14T06:13:45+00:00","twitter_card":"summary_large_image","twitter_misc":{"Est. reading time":"1 minute"},"schema":{"@context":"https:\/\/schema.org","@graph":[{"@type":"WebPage","@id":"https:\/\/ibizaohlala.com\/de\/bibliografia\/","url":"https:\/\/ibizaohlala.com\/de\/bibliografia\/","name":"Bibliograf\u00eda - IbizaOhLaLa","isPartOf":{"@id":"https:\/\/ibizaohlala.com\/#website"},"datePublished":"2017-05-24T15:41:06+00:00","dateModified":"2023-08-14T06:13:45+00:00","inLanguage":"en-US","potentialAction":[{"@type":"ReadAction","target":["https:\/\/ibizaohlala.com\/de\/bibliografia\/"]}]},{"@type":"WebSite","@id":"https:\/\/ibizaohlala.com\/#website","url":"https:\/\/ibizaohlala.com\/","name":"IbizaOhLaLa","description":"Your online picture shop","publisher":{"@id":"https:\/\/ibizaohlala.com\/#organization"},"potentialAction":[{"@type":"SearchAction","target":{"@type":"EntryPoint","urlTemplate":"https:\/\/ibizaohlala.com\/?s={search_term_string}"},"query-input":{"@type":"PropertyValueSpecification","valueRequired":true,"valueName":"search_term_string"}}],"inLanguage":"en-US"},{"@type":"Organization","@id":"https:\/\/ibizaohlala.com\/#organization","name":"IbizaOhLaLa","url":"https:\/\/ibizaohlala.com\/","logo":{"@type":"ImageObject","inLanguage":"en-US","@id":"https:\/\/ibizaohlala.com\/#\/schema\/logo\/image\/","url":"https:\/\/ibizaohlala.com\/wp-content\/uploads\/2017\/02\/logo-ibizaohlala.png","contentUrl":"https:\/\/ibizaohlala.com\/wp-content\/uploads\/2017\/02\/logo-ibizaohlala.png","width":220,"height":79,"caption":"IbizaOhLaLa"},"image":{"@id":"https:\/\/ibizaohlala.com\/#\/schema\/logo\/image\/"}}]}},"_links":{"self":[{"href":"https:\/\/ibizaohlala.com\/en\/wp-json\/wp\/v2\/pages\/6561","targetHints":{"allow":["GET"]}}],"collection":[{"href":"https:\/\/ibizaohlala.com\/en\/wp-json\/wp\/v2\/pages"}],"about":[{"href":"https:\/\/ibizaohlala.com\/en\/wp-json\/wp\/v2\/types\/page"}],"author":[{"embeddable":true,"href":"https:\/\/ibizaohlala.com\/en\/wp-json\/wp\/v2\/users\/1"}],"replies":[{"embeddable":true,"href":"https:\/\/ibizaohlala.com\/en\/wp-json\/wp\/v2\/comments?post=6561"}],"version-history":[{"count":0,"href":"https:\/\/ibizaohlala.com\/en\/wp-json\/wp\/v2\/pages\/6561\/revisions"}],"wp:attachment":[{"href":"https:\/\/ibizaohlala.com\/en\/wp-json\/wp\/v2\/media?parent=6561"}],"curies":[{"name":"wp","href":"https:\/\/api.w.org\/{rel}","templated":true}]}}